{"id":850,"date":"2021-12-14T19:11:36","date_gmt":"2021-12-14T19:11:36","guid":{"rendered":"https:\/\/dagmar.welscher.info\/?page_id=850"},"modified":"2021-12-18T13:35:04","modified_gmt":"2021-12-18T13:35:04","slug":"inresonanz","status":"publish","type":"page","link":"https:\/\/dagmar.welscher.info\/?page_id=850","title":{"rendered":"In Resonanz"},"content":{"rendered":"\n<p>RESONANZbilder &#8211; beim Selbermalen auch Kosmolitonbilder genannt &#8211; sind z. B. Worte, Namen oder ein Datum.<\/p>\n\n\n\n<p>Das Selbermalen von Kosmolitonbildern ist eine wunderbare Erfahrung und jedesmal wieder ganz neu. Es ist kein k\u00fcnstlerisches Talent n\u00f6tig, jeder kann malen und sich selbst etwas Gutes tun.<\/p>\n\n\n\n<p>Gerne vermittle ich bei Mal-Treffen die Hintergr\u00fcnde, die Vorgehens- und Wirkweise dieser speziellen Arbeit. In einer Gruppe ist das Malen ganz besonders und erstaunlich ist auch die Vielf\u00e4ltigkeit der Ergebnisse.<\/p>\n\n\n\n<p>Leider finden momentan &#8211; aus bekannten Gr\u00fcnden &#8211; keine Malgruppen-Termine statt. Sobald das wieder m\u00f6glich ist, werde ich das hier bekanntgeben.<\/p>\n\n\n\n<p>Vorab kann ich allen Interessierten <strong>Malmappen<\/strong> anbieten. Das sind jeweils 5 Punktbilder zum Strukturieren und Malen, jeweils mit Malanleitung und einer kurz gefassten Hintergrundinformation, die ich per Post oder pdf gerne weitergebe. <br>(Infos \u00fcber Motive, Umfang und Preis folgen.)<\/p>\n\n\n\n<div class=\"wp-block-image\"><figure class=\"alignright size-large is-resized\"><img decoding=\"async\" loading=\"lazy\" src=\"https:\/\/dagmar.welscher.info\/wp-content\/uploads\/2020\/02\/KLT-V_K_W.jpg\" alt=\"\" class=\"wp-image-354\" width=\"361\" height=\"361\" srcset=\"https:\/\/dagmar.welscher.info\/wp-content\/uploads\/2020\/02\/KLT-V_K_W.jpg 709w, https:\/\/dagmar.welscher.info\/wp-content\/uploads\/2020\/02\/KLT-V_K_W-300x300.jpg 300w, https:\/\/dagmar.welscher.info\/wp-content\/uploads\/2020\/02\/KLT-V_K_W-150x150.jpg 150w\" sizes=\"(max-width: 361px) 100vw, 361px\" \/><\/figure><\/div>\n","protected":false},"excerpt":{"rendered":"<p>RESONANZbilder &#8211; beim Selbermalen auch Kosmolitonbilder genannt &#8211; sind z. B. Worte, Namen oder ein Datum. Das Selbermalen von Kosmolitonbildern ist eine wunderbare Erfahrung und jedesmal wieder ganz neu. Es ist kein k\u00fcnstlerisches Talent n\u00f6tig, jeder kann malen und sich selbst etwas Gutes tun. Gerne vermittle ich bei Mal-Treffen die Hintergr\u00fcnde, die Vorgehens- und Wirkweise&hellip; <br \/> <a class=\"read-more\" href=\"https:\/\/dagmar.welscher.info\/?page_id=850\">Read more<\/a><\/p>\n","protected":false},"author":1,"featured_media":0,"parent":0,"menu_order":0,"comment_status":"closed","ping_status":"closed","template":"","meta":[],"_links":{"self":[{"href":"https:\/\/dagmar.welscher.info\/index.php?rest_route=\/wp\/v2\/pages\/850"}],"collection":[{"href":"https:\/\/dagmar.welscher.info\/index.php?rest_route=\/wp\/v2\/pages"}],"about":[{"href":"https:\/\/dagmar.welscher.info\/index.php?rest_route=\/wp\/v2\/types\/page"}],"author":[{"embeddable":true,"href":"https:\/\/dagmar.welscher.info\/index.php?rest_route=\/wp\/v2\/users\/1"}],"replies":[{"embeddable":true,"href":"https:\/\/dagmar.welscher.info\/index.php?rest_route=%2Fwp%2Fv2%2Fcomments&post=850"}],"version-history":[{"count":3,"href":"https:\/\/dagmar.welscher.info\/index.php?rest_route=\/wp\/v2\/pages\/850\/revisions"}],"predecessor-version":[{"id":908,"href":"https:\/\/dagmar.welscher.info\/index.php?rest_route=\/wp\/v2\/pages\/850\/revisions\/908"}],"wp:attachment":[{"href":"https:\/\/dagmar.welscher.info\/index.php?rest_route=%2Fwp%2Fv2%2Fmedia&parent=850"}],"curies":[{"name":"wp","href":"https:\/\/api.w.org\/{rel}","templated":true}]}}