{"id":51,"date":"2015-01-18T19:19:19","date_gmt":"2015-01-18T19:19:19","guid":{"rendered":"http:\/\/dagmar.welscher.info\/?page_id=51"},"modified":"2021-12-18T12:08:03","modified_gmt":"2021-12-18T12:08:03","slug":"willkommen","status":"publish","type":"page","link":"https:\/\/dagmar.welscher.info\/?page_id=51","title":{"rendered":"KOMMUNIKATIONSDESIGN"},"content":{"rendered":"<p><span style=\"color: #ff9900;\"><strong>Design. Sichtbare Gedanken &amp; Ideen.<\/strong><\/span><\/p>\n<p>Liebe und Leidenschaft f\u00fcr Gestaltung in Verbindung mit Neugierde und Erfahrung lassen aussagekr\u00e4ftige Produkte entstehen, einpr\u00e4gsam und auf den Punkt gebracht. So transportiert Design durch individuelle und pers\u00f6nliche &#8222;Sprache&#8220; das, was als Information vordergr\u00fcndig und gleichzeitig subtil weitergegeben werden soll.<\/p>\n<p>Ausdrucks- und Gestaltungsformen der visuellen Kommunikation stellen Ideen und Konzepte verantwortungsvoll und wohl bedacht dar, setzen komplexe Inhalte stilvoll in unterschiedlichste Produkte um.<\/p>\n<p>Ich freue mich immer wieder neu, Gedanken und Ideen punktgenau und einpr\u00e4gsam darzustellen!<\/p>\n\n\n<div class=\"wp-block-image\"><figure class=\"alignright size-large is-resized\"><img decoding=\"async\" loading=\"lazy\" src=\"http:\/\/dagmar.welscher.info\/wp-content\/uploads\/2020\/02\/Stifte.jpg\" alt=\"\" class=\"wp-image-296\" width=\"426\" height=\"151\" srcset=\"https:\/\/dagmar.welscher.info\/wp-content\/uploads\/2020\/02\/Stifte.jpg 892w, https:\/\/dagmar.welscher.info\/wp-content\/uploads\/2020\/02\/Stifte-300x107.jpg 300w, https:\/\/dagmar.welscher.info\/wp-content\/uploads\/2020\/02\/Stifte-768x273.jpg 768w\" sizes=\"(max-width: 426px) 100vw, 426px\" \/><\/figure><\/div>\n","protected":false},"excerpt":{"rendered":"<p>Design. Sichtbare Gedanken &amp; Ideen. Liebe und Leidenschaft f\u00fcr Gestaltung in Verbindung mit Neugierde und Erfahrung lassen aussagekr\u00e4ftige Produkte entstehen, einpr\u00e4gsam und auf den Punkt gebracht. So transportiert Design durch individuelle und pers\u00f6nliche &#8222;Sprache&#8220; das, was als Information vordergr\u00fcndig und gleichzeitig subtil weitergegeben werden soll. Ausdrucks- und Gestaltungsformen der visuellen Kommunikation stellen Ideen und Konzepte&hellip; <br \/> <a class=\"read-more\" href=\"https:\/\/dagmar.welscher.info\/?page_id=51\">Read more<\/a><\/p>\n","protected":false},"author":1,"featured_media":0,"parent":0,"menu_order":0,"comment_status":"closed","ping_status":"open","template":"","meta":[],"_links":{"self":[{"href":"https:\/\/dagmar.welscher.info\/index.php?rest_route=\/wp\/v2\/pages\/51"}],"collection":[{"href":"https:\/\/dagmar.welscher.info\/index.php?rest_route=\/wp\/v2\/pages"}],"about":[{"href":"https:\/\/dagmar.welscher.info\/index.php?rest_route=\/wp\/v2\/types\/page"}],"author":[{"embeddable":true,"href":"https:\/\/dagmar.welscher.info\/index.php?rest_route=\/wp\/v2\/users\/1"}],"replies":[{"embeddable":true,"href":"https:\/\/dagmar.welscher.info\/index.php?rest_route=%2Fwp%2Fv2%2Fcomments&post=51"}],"version-history":[{"count":33,"href":"https:\/\/dagmar.welscher.info\/index.php?rest_route=\/wp\/v2\/pages\/51\/revisions"}],"predecessor-version":[{"id":886,"href":"https:\/\/dagmar.welscher.info\/index.php?rest_route=\/wp\/v2\/pages\/51\/revisions\/886"}],"wp:attachment":[{"href":"https:\/\/dagmar.welscher.info\/index.php?rest_route=%2Fwp%2Fv2%2Fmedia&parent=51"}],"curies":[{"name":"wp","href":"https:\/\/api.w.org\/{rel}","templated":true}]}}