{"id":411,"date":"2020-02-14T07:07:56","date_gmt":"2020-02-14T07:07:56","guid":{"rendered":"http:\/\/dagmar.welscher.info\/?page_id=411"},"modified":"2023-12-08T19:57:17","modified_gmt":"2023-12-08T19:57:17","slug":"kurse","status":"publish","type":"page","link":"https:\/\/dagmar.welscher.info\/?page_id=411","title":{"rendered":"KURSE"},"content":{"rendered":"\n<p>Termine auf Anfrage: dagmar(at)welscher.info oder 09261 9666886<\/p>\n\n\n\n<p><strong>\u2022 \u2022 \u2022   MALABEND \u201eIN RESONANZ | Kosmolitonbilder&#8220;   \u2022 \u2022 \u2022   <\/strong><br>\u2026mit Bleistift und Buntstiften.<\/p>\n\n\n\n<p>Eine ganz einfache Methode, die jeder Mensch erlernen kann, um sich selbst etwas Gutes zu tun: das Malen eines KOSMOLITONbildes. Dabei finden wir zu mehr Ausgeglichenheit, Harmonie und Gelassenheit, zu Entspannung und innerer Ruhe. K\u00fcnstlerische Techniken oder ausgepr\u00e4gtes Talent sind nicht n\u00f6tig, Informationen und eine Anleitung gibt es zu Beginn des jeweiligen Abends.<\/p>\n\n\n\n<p>Bitte mitbringen: Eine Malunterlage DIN A 4, Bleistift und Buntstifte.<\/p>\n\n\n\n<p><strong>\u2022 \u2022 \u2022   KURS \u201eMeditatives Zeichnen&#8220;   \u2022 \u2022 \u2022  <\/strong> <br>\u2026mit Fineliner oder Buntstiften.<\/p>\n\n\n\n<p>Zur Ruhe kommen und eine entspannte, meditative Zeit genie\u00dfen. Durch Linien, Formen oder Farben, ganz ohne Ausrichtung auf ein bestimmtes Ziel und erst recht frei vom MUSS, verbringen wir eine Zeit in ruhiger Atmosph\u00e4re. Wir lassen der Inspiration freien Lauf, lassen unsere Hand die F\u00fchrung \u00fcbernehmen und uns \u00fcberraschen, was dadurch entstehen kann. Sich einlassen, genie\u00dfen, kreatives sich-treiben-lassen\u2026<\/p>\n\n\n\n<p>Bitte mitbringen: Zeichen- oder Skizzenblock DIN A 4, weichen Bleistift, Buntstifte, Fineliner\/schwarz. <\/p>\n\n\n\n<p class=\"has-normal-font-size\"><\/p>\n","protected":false},"excerpt":{"rendered":"<p>Termine auf Anfrage: dagmar(at)welscher.info oder 09261 9666886 \u2022 \u2022 \u2022 MALABEND \u201eIN RESONANZ | Kosmolitonbilder&#8220; \u2022 \u2022 \u2022 \u2026mit Bleistift und Buntstiften. Eine ganz einfache Methode, die jeder Mensch erlernen kann, um sich selbst etwas Gutes zu tun: das Malen eines KOSMOLITONbildes. Dabei finden wir zu mehr Ausgeglichenheit, Harmonie und Gelassenheit, zu Entspannung und innerer&hellip; <br \/> <a class=\"read-more\" href=\"https:\/\/dagmar.welscher.info\/?page_id=411\">Read more<\/a><\/p>\n","protected":false},"author":1,"featured_media":0,"parent":0,"menu_order":0,"comment_status":"closed","ping_status":"closed","template":"","meta":[],"_links":{"self":[{"href":"https:\/\/dagmar.welscher.info\/index.php?rest_route=\/wp\/v2\/pages\/411"}],"collection":[{"href":"https:\/\/dagmar.welscher.info\/index.php?rest_route=\/wp\/v2\/pages"}],"about":[{"href":"https:\/\/dagmar.welscher.info\/index.php?rest_route=\/wp\/v2\/types\/page"}],"author":[{"embeddable":true,"href":"https:\/\/dagmar.welscher.info\/index.php?rest_route=\/wp\/v2\/users\/1"}],"replies":[{"embeddable":true,"href":"https:\/\/dagmar.welscher.info\/index.php?rest_route=%2Fwp%2Fv2%2Fcomments&post=411"}],"version-history":[{"count":27,"href":"https:\/\/dagmar.welscher.info\/index.php?rest_route=\/wp\/v2\/pages\/411\/revisions"}],"predecessor-version":[{"id":1093,"href":"https:\/\/dagmar.welscher.info\/index.php?rest_route=\/wp\/v2\/pages\/411\/revisions\/1093"}],"wp:attachment":[{"href":"https:\/\/dagmar.welscher.info\/index.php?rest_route=%2Fwp%2Fv2%2Fmedia&parent=411"}],"curies":[{"name":"wp","href":"https:\/\/api.w.org\/{rel}","templated":true}]}}