{"id":391,"date":"2020-02-14T06:23:51","date_gmt":"2020-02-14T06:23:51","guid":{"rendered":"http:\/\/dagmar.welscher.info\/?page_id=391"},"modified":"2024-06-15T19:45:58","modified_gmt":"2024-06-15T19:45:58","slug":"zeichnung","status":"publish","type":"page","link":"https:\/\/dagmar.welscher.info\/?page_id=391","title":{"rendered":"ZEICHNUNG"},"content":{"rendered":"<div  data-label=\"Gallery\" data-id=\"gallery--1\" data-export-id=\"gallery-1\" data-category=\"gallery\" class=\"gallery-1 content-section content-section-spacing\" id=\"gallery-1\" style=\"background-color: rgb(245, 250, 253);\"><div  class=\"gridContainer\"> <div  class=\"row\"><div  class=\"section-title-col\" data-type=\"column\"> <h2  class=\"\">Die Linie ist ein Punkt der spazieren geht.<\/h2> <p  class=\"\"><span  style=\"font-style: italic;\">Zitat von Paul Klee aus dem Jahr1934\n<\/span><\/p><p  class=\"lead\" style=\"text-align: left;\">Zeichnung und Illustration sind in der digitalen Welt wunderbare Alternativen zu Fotografie oder digital erstellten Grafiken. Eine Zeichnung bringt Leben, zeigt Individualit\u00e4t und Einmaligkeit.\n<br ><br >\nMit Bleistift, Kohle oder Filzschreiber findet man Formen, Licht und Schatten, Perspektive oder Struktur. Die Welt um uns bietet ein unendliches Angebot an Motiven aus Alltag, Natur, Architektur, Technik\u2026\n<br ><br >\nMenschen zu zeichnen ist eine besondere Disziplin, die f\u00fcr Modell und Zeichner intensiv ist, gilt es doch einerseits \u00e4u\u00dfere Formen zu erkennen, andererseits ist es aber auch die Individualit\u00e4t und Pers\u00f6nlichkeit des Modells, die erkannt und zu Papier gebracht werden will. Das Aktzeichnen wie auch das Zeichnen eines Modells ist fast schon so etwas wie eine kurzzeitige Beziehung zwischen Modell und Zeichner \u2013 sich aufeinander einzulassen erfordert gegenseitigen Respekt, Toleranz und Geduld.<\/p><\/div> <\/div> <div  class=\"row text-center\"> <div  class=\"col-xs-12\" data-editable=\"true\" data-content-shortcode=\"mesmerize_gallery id=&quot;mesmerize-gallery-1&quot; columns=&quot;3&quot; ids=&quot;777,778,787,780,781,785,782,783,786&quot; lb=&quot;1&quot; masonry=&quot;1&quot; size=&quot;medium&quot; link=&quot;file&quot; \"><div id='mesmerize-gallery-1' class='gallery-wrapper'><style type=\"text\/css\">\n                    @media only screen and (min-width: 768px) {\n                    [data-unique-id='mesmerize-gallery-1-69dbc029aef58'] dl {\n                        float: left;\n                        width: 33.333333333333% !important;\n                        max-width:  33.333333333333% !important;\n                        min-width:  33.333333333333% !important;\n                    }\n\n                    [data-unique-id='mesmerize-gallery-1-69dbc029aef58'] dl:nth-of-type(3n +1 ) {\n                      clear: both;\n                      }\n                    }\n                <\/style><div id='mesmerize-gallery-1' class='mesmerize-gallery-1-dls-wrapper gallery-items-wrapper materialis-gallery' data-unique-id='mesmerize-gallery-1-69dbc029aef58'><dl class='gallery-item'>\n\t\t\t<dt class='gallery-icon landscape'>\n\t\t\t\t<a data-fancybox=\"mesmerize-gallery-1-group\" href='https:\/\/dagmar.welscher.info\/wp-content\/uploads\/2021\/04\/Illu-Mann.jpg'><img  width=\"300\" height=\"300\" src=\"https:\/\/dagmar.welscher.info\/wp-content\/uploads\/2021\/04\/Illu-Mann-300x300.jpg\"  class='mesmerize-gallery-1-image' alt=\"\" decoding=\"async\" loading=\"lazy\" aria-describedby=\"gallery-1-777\" srcset=\"https:\/\/dagmar.welscher.info\/wp-content\/uploads\/2021\/04\/Illu-Mann-300x300.jpg 300w, https:\/\/dagmar.welscher.info\/wp-content\/uploads\/2021\/04\/Illu-Mann-1024x1024.jpg 1024w, https:\/\/dagmar.welscher.info\/wp-content\/uploads\/2021\/04\/Illu-Mann-150x150.jpg 150w, https:\/\/dagmar.welscher.info\/wp-content\/uploads\/2021\/04\/Illu-Mann-768x768.jpg 768w, https:\/\/dagmar.welscher.info\/wp-content\/uploads\/2021\/04\/Illu-Mann-1536x1536.jpg 1536w, https:\/\/dagmar.welscher.info\/wp-content\/uploads\/2021\/04\/Illu-Mann-1080x1080.jpg 1080w, https:\/\/dagmar.welscher.info\/wp-content\/uploads\/2021\/04\/Illu-Mann.jpg 1900w\" sizes=\"(max-width: 300px) 100vw, 300px\" \/><\/a>\n\t\t\t<\/dt>\n\t\t\t\t<dd class='wp-caption-text gallery-caption' id='gallery-1-777'>\n\t\t\t\tModellskizze | Bleistift \n\t\t\t\t<\/dd><\/dl><dl class='gallery-item'>\n\t\t\t<dt class='gallery-icon landscape'>\n\t\t\t\t<a data-fancybox=\"mesmerize-gallery-1-group\" href='https:\/\/dagmar.welscher.info\/wp-content\/uploads\/2021\/04\/Illu-Morcheeba.jpg'><img  width=\"300\" height=\"300\" src=\"https:\/\/dagmar.welscher.info\/wp-content\/uploads\/2021\/04\/Illu-Morcheeba-300x300.jpg\"  class='mesmerize-gallery-1-image' alt=\"\" decoding=\"async\" loading=\"lazy\" aria-describedby=\"gallery-1-778\" srcset=\"https:\/\/dagmar.welscher.info\/wp-content\/uploads\/2021\/04\/Illu-Morcheeba-300x300.jpg 300w, https:\/\/dagmar.welscher.info\/wp-content\/uploads\/2021\/04\/Illu-Morcheeba-1024x1024.jpg 1024w, https:\/\/dagmar.welscher.info\/wp-content\/uploads\/2021\/04\/Illu-Morcheeba-150x150.jpg 150w, https:\/\/dagmar.welscher.info\/wp-content\/uploads\/2021\/04\/Illu-Morcheeba-768x768.jpg 768w, https:\/\/dagmar.welscher.info\/wp-content\/uploads\/2021\/04\/Illu-Morcheeba-1536x1536.jpg 1536w, https:\/\/dagmar.welscher.info\/wp-content\/uploads\/2021\/04\/Illu-Morcheeba-1080x1080.jpg 1080w, https:\/\/dagmar.welscher.info\/wp-content\/uploads\/2021\/04\/Illu-Morcheeba.jpg 1900w\" sizes=\"(max-width: 300px) 100vw, 300px\" \/><\/a>\n\t\t\t<\/dt>\n\t\t\t\t<dd class='wp-caption-text gallery-caption' id='gallery-1-778'>\n\t\t\t\tSkizze | Bleistift \n\t\t\t\t<\/dd><\/dl><dl class='gallery-item'>\n\t\t\t<dt class='gallery-icon landscape'>\n\t\t\t\t<a data-fancybox=\"mesmerize-gallery-1-group\" href='https:\/\/dagmar.welscher.info\/wp-content\/uploads\/2021\/04\/Illu-Frau.jpg'><img  width=\"300\" height=\"300\" src=\"https:\/\/dagmar.welscher.info\/wp-content\/uploads\/2021\/04\/Illu-Frau-300x300.jpg\"  class='mesmerize-gallery-1-image' alt=\"\" decoding=\"async\" loading=\"lazy\" aria-describedby=\"gallery-1-787\" srcset=\"https:\/\/dagmar.welscher.info\/wp-content\/uploads\/2021\/04\/Illu-Frau-300x300.jpg 300w, https:\/\/dagmar.welscher.info\/wp-content\/uploads\/2021\/04\/Illu-Frau-1024x1024.jpg 1024w, https:\/\/dagmar.welscher.info\/wp-content\/uploads\/2021\/04\/Illu-Frau-150x150.jpg 150w, https:\/\/dagmar.welscher.info\/wp-content\/uploads\/2021\/04\/Illu-Frau-768x768.jpg 768w, https:\/\/dagmar.welscher.info\/wp-content\/uploads\/2021\/04\/Illu-Frau-1536x1536.jpg 1536w, https:\/\/dagmar.welscher.info\/wp-content\/uploads\/2021\/04\/Illu-Frau-1080x1080.jpg 1080w, https:\/\/dagmar.welscher.info\/wp-content\/uploads\/2021\/04\/Illu-Frau.jpg 1900w\" sizes=\"(max-width: 300px) 100vw, 300px\" \/><\/a>\n\t\t\t<\/dt>\n\t\t\t\t<dd class='wp-caption-text gallery-caption' id='gallery-1-787'>\n\t\t\t\tModellskizze | Bleistift \n\t\t\t\t<\/dd><\/dl><dl class='gallery-item'>\n\t\t\t<dt class='gallery-icon landscape'>\n\t\t\t\t<a data-fancybox=\"mesmerize-gallery-1-group\" href='https:\/\/dagmar.welscher.info\/wp-content\/uploads\/2021\/04\/Illu-Frau-col.jpg'><img  width=\"300\" height=\"300\" src=\"https:\/\/dagmar.welscher.info\/wp-content\/uploads\/2021\/04\/Illu-Frau-col-300x300.jpg\"  class='mesmerize-gallery-1-image' alt=\"\" decoding=\"async\" loading=\"lazy\" aria-describedby=\"gallery-1-780\" srcset=\"https:\/\/dagmar.welscher.info\/wp-content\/uploads\/2021\/04\/Illu-Frau-col-300x300.jpg 300w, https:\/\/dagmar.welscher.info\/wp-content\/uploads\/2021\/04\/Illu-Frau-col-1024x1024.jpg 1024w, https:\/\/dagmar.welscher.info\/wp-content\/uploads\/2021\/04\/Illu-Frau-col-150x150.jpg 150w, https:\/\/dagmar.welscher.info\/wp-content\/uploads\/2021\/04\/Illu-Frau-col-768x768.jpg 768w, https:\/\/dagmar.welscher.info\/wp-content\/uploads\/2021\/04\/Illu-Frau-col-1536x1536.jpg 1536w, https:\/\/dagmar.welscher.info\/wp-content\/uploads\/2021\/04\/Illu-Frau-col-1080x1080.jpg 1080w, https:\/\/dagmar.welscher.info\/wp-content\/uploads\/2021\/04\/Illu-Frau-col.jpg 1900w\" sizes=\"(max-width: 300px) 100vw, 300px\" \/><\/a>\n\t\t\t<\/dt>\n\t\t\t\t<dd class='wp-caption-text gallery-caption' id='gallery-1-780'>\n\t\t\t\tSkizze | Magic Marker\n\t\t\t\t<\/dd><\/dl><dl class='gallery-item'>\n\t\t\t<dt class='gallery-icon landscape'>\n\t\t\t\t<a data-fancybox=\"mesmerize-gallery-1-group\" href='https:\/\/dagmar.welscher.info\/wp-content\/uploads\/2021\/04\/Illu-Gepard.jpg'><img  width=\"300\" height=\"300\" src=\"https:\/\/dagmar.welscher.info\/wp-content\/uploads\/2021\/04\/Illu-Gepard-300x300.jpg\"  class='mesmerize-gallery-1-image' alt=\"\" decoding=\"async\" loading=\"lazy\" aria-describedby=\"gallery-1-781\" srcset=\"https:\/\/dagmar.welscher.info\/wp-content\/uploads\/2021\/04\/Illu-Gepard-300x300.jpg 300w, https:\/\/dagmar.welscher.info\/wp-content\/uploads\/2021\/04\/Illu-Gepard-1024x1024.jpg 1024w, https:\/\/dagmar.welscher.info\/wp-content\/uploads\/2021\/04\/Illu-Gepard-150x150.jpg 150w, https:\/\/dagmar.welscher.info\/wp-content\/uploads\/2021\/04\/Illu-Gepard-768x768.jpg 768w, https:\/\/dagmar.welscher.info\/wp-content\/uploads\/2021\/04\/Illu-Gepard-1536x1536.jpg 1536w, https:\/\/dagmar.welscher.info\/wp-content\/uploads\/2021\/04\/Illu-Gepard-1080x1080.jpg 1080w, https:\/\/dagmar.welscher.info\/wp-content\/uploads\/2021\/04\/Illu-Gepard.jpg 1900w\" sizes=\"(max-width: 300px) 100vw, 300px\" \/><\/a>\n\t\t\t<\/dt>\n\t\t\t\t<dd class='wp-caption-text gallery-caption' id='gallery-1-781'>\n\t\t\t\tIllustration (Autrag)\n\t\t\t\t<\/dd><\/dl><dl class='gallery-item'>\n\t\t\t<dt class='gallery-icon landscape'>\n\t\t\t\t<a data-fancybox=\"mesmerize-gallery-1-group\" href='https:\/\/dagmar.welscher.info\/wp-content\/uploads\/2021\/04\/Illu-Akt-1.jpg'><img  width=\"300\" height=\"300\" src=\"https:\/\/dagmar.welscher.info\/wp-content\/uploads\/2021\/04\/Illu-Akt-1-300x300.jpg\"  class='mesmerize-gallery-1-image' alt=\"\" decoding=\"async\" loading=\"lazy\" aria-describedby=\"gallery-1-785\" srcset=\"https:\/\/dagmar.welscher.info\/wp-content\/uploads\/2021\/04\/Illu-Akt-1-300x300.jpg 300w, https:\/\/dagmar.welscher.info\/wp-content\/uploads\/2021\/04\/Illu-Akt-1-1024x1024.jpg 1024w, https:\/\/dagmar.welscher.info\/wp-content\/uploads\/2021\/04\/Illu-Akt-1-150x150.jpg 150w, https:\/\/dagmar.welscher.info\/wp-content\/uploads\/2021\/04\/Illu-Akt-1-768x768.jpg 768w, https:\/\/dagmar.welscher.info\/wp-content\/uploads\/2021\/04\/Illu-Akt-1-1536x1536.jpg 1536w, https:\/\/dagmar.welscher.info\/wp-content\/uploads\/2021\/04\/Illu-Akt-1-1080x1080.jpg 1080w, https:\/\/dagmar.welscher.info\/wp-content\/uploads\/2021\/04\/Illu-Akt-1.jpg 1900w\" sizes=\"(max-width: 300px) 100vw, 300px\" \/><\/a>\n\t\t\t<\/dt>\n\t\t\t\t<dd class='wp-caption-text gallery-caption' id='gallery-1-785'>\n\t\t\t\tModellskizze Akt | Kohle \n\t\t\t\t<\/dd><\/dl><dl class='gallery-item'>\n\t\t\t<dt class='gallery-icon landscape'>\n\t\t\t\t<a data-fancybox=\"mesmerize-gallery-1-group\" href='https:\/\/dagmar.welscher.info\/wp-content\/uploads\/2021\/04\/Illu-Fuesse.jpg'><img  width=\"300\" height=\"300\" src=\"https:\/\/dagmar.welscher.info\/wp-content\/uploads\/2021\/04\/Illu-Fuesse-300x300.jpg\"  class='mesmerize-gallery-1-image' alt=\"\" decoding=\"async\" loading=\"lazy\" aria-describedby=\"gallery-1-782\" srcset=\"https:\/\/dagmar.welscher.info\/wp-content\/uploads\/2021\/04\/Illu-Fuesse-300x300.jpg 300w, https:\/\/dagmar.welscher.info\/wp-content\/uploads\/2021\/04\/Illu-Fuesse-1024x1024.jpg 1024w, https:\/\/dagmar.welscher.info\/wp-content\/uploads\/2021\/04\/Illu-Fuesse-150x150.jpg 150w, https:\/\/dagmar.welscher.info\/wp-content\/uploads\/2021\/04\/Illu-Fuesse-768x768.jpg 768w, https:\/\/dagmar.welscher.info\/wp-content\/uploads\/2021\/04\/Illu-Fuesse-1536x1536.jpg 1536w, https:\/\/dagmar.welscher.info\/wp-content\/uploads\/2021\/04\/Illu-Fuesse-1080x1080.jpg 1080w, https:\/\/dagmar.welscher.info\/wp-content\/uploads\/2021\/04\/Illu-Fuesse.jpg 1900w\" sizes=\"(max-width: 300px) 100vw, 300px\" \/><\/a>\n\t\t\t<\/dt>\n\t\t\t\t<dd class='wp-caption-text gallery-caption' id='gallery-1-782'>\n\t\t\t\tIllustration (Auftrag) | Bleistift \n\t\t\t\t<\/dd><\/dl><dl class='gallery-item'>\n\t\t\t<dt class='gallery-icon landscape'>\n\t\t\t\t<a data-fancybox=\"mesmerize-gallery-1-group\" href='https:\/\/dagmar.welscher.info\/wp-content\/uploads\/2021\/04\/Illu-Baum.jpg'><img  width=\"300\" height=\"300\" src=\"https:\/\/dagmar.welscher.info\/wp-content\/uploads\/2021\/04\/Illu-Baum-300x300.jpg\"  class='mesmerize-gallery-1-image' alt=\"\" decoding=\"async\" loading=\"lazy\" aria-describedby=\"gallery-1-783\" srcset=\"https:\/\/dagmar.welscher.info\/wp-content\/uploads\/2021\/04\/Illu-Baum-300x300.jpg 300w, https:\/\/dagmar.welscher.info\/wp-content\/uploads\/2021\/04\/Illu-Baum-1024x1024.jpg 1024w, https:\/\/dagmar.welscher.info\/wp-content\/uploads\/2021\/04\/Illu-Baum-150x150.jpg 150w, https:\/\/dagmar.welscher.info\/wp-content\/uploads\/2021\/04\/Illu-Baum-768x768.jpg 768w, https:\/\/dagmar.welscher.info\/wp-content\/uploads\/2021\/04\/Illu-Baum-1536x1536.jpg 1536w, https:\/\/dagmar.welscher.info\/wp-content\/uploads\/2021\/04\/Illu-Baum-1080x1080.jpg 1080w, https:\/\/dagmar.welscher.info\/wp-content\/uploads\/2021\/04\/Illu-Baum.jpg 1900w\" sizes=\"(max-width: 300px) 100vw, 300px\" \/><\/a>\n\t\t\t<\/dt>\n\t\t\t\t<dd class='wp-caption-text gallery-caption' id='gallery-1-783'>\n\t\t\t\tIllustration (Auftrag) | Filzstift\n\t\t\t\t<\/dd><\/dl><dl class='gallery-item'>\n\t\t\t<dt class='gallery-icon landscape'>\n\t\t\t\t<a data-fancybox=\"mesmerize-gallery-1-group\" href='https:\/\/dagmar.welscher.info\/wp-content\/uploads\/2021\/04\/Meditatives-Zeichnen.jpg'><img  width=\"300\" height=\"300\" src=\"https:\/\/dagmar.welscher.info\/wp-content\/uploads\/2021\/04\/Meditatives-Zeichnen-300x300.jpg\"  class='mesmerize-gallery-1-image' alt=\"\" decoding=\"async\" loading=\"lazy\" aria-describedby=\"gallery-1-786\" srcset=\"https:\/\/dagmar.welscher.info\/wp-content\/uploads\/2021\/04\/Meditatives-Zeichnen-300x300.jpg 300w, https:\/\/dagmar.welscher.info\/wp-content\/uploads\/2021\/04\/Meditatives-Zeichnen-1024x1024.jpg 1024w, https:\/\/dagmar.welscher.info\/wp-content\/uploads\/2021\/04\/Meditatives-Zeichnen-150x150.jpg 150w, https:\/\/dagmar.welscher.info\/wp-content\/uploads\/2021\/04\/Meditatives-Zeichnen-768x768.jpg 768w, https:\/\/dagmar.welscher.info\/wp-content\/uploads\/2021\/04\/Meditatives-Zeichnen-1536x1536.jpg 1536w, https:\/\/dagmar.welscher.info\/wp-content\/uploads\/2021\/04\/Meditatives-Zeichnen-1080x1080.jpg 1080w, https:\/\/dagmar.welscher.info\/wp-content\/uploads\/2021\/04\/Meditatives-Zeichnen.jpg 1900w\" sizes=\"(max-width: 300px) 100vw, 300px\" \/><\/a>\n\t\t\t<\/dt>\n\t\t\t\t<dd class='wp-caption-text gallery-caption' id='gallery-1-786'>\n\t\t\t\tMeditatives Zeichnen\n\t\t\t\t<\/dd><\/dl>\n\t\t<\/div>\n<script>(function($){window.MaterialisCaptionsGallery && window.MaterialisCaptionsGallery($('[data-unique-id=\"mesmerize-gallery-1-69dbc029aef58\"]'))})(jQuery)<\/script><\/div><\/div><\/div> <\/div><\/div>","protected":false},"excerpt":{"rendered":"<p>Die Linie ist ein Punkt der spazieren geht. Zitat von Paul Klee aus dem Jahr1934 Zeichnung und Illustration sind in der digitalen Welt wunderbare Alternativen zu Fotografie oder digital erstellten Grafiken. Eine Zeichnung bringt Leben, zeigt Individualit\u00e4t und Einmaligkeit. Mit Bleistift, Kohle oder Filzschreiber findet man Formen, Licht und Schatten, Perspektive oder Struktur. Die Welt&hellip; <br \/> <a class=\"read-more\" href=\"https:\/\/dagmar.welscher.info\/?page_id=391\">Read more<\/a><\/p>\n","protected":false},"author":1,"featured_media":0,"parent":0,"menu_order":0,"comment_status":"closed","ping_status":"closed","template":"pro\/page-templates\/full-width-page.php","meta":[],"_links":{"self":[{"href":"https:\/\/dagmar.welscher.info\/index.php?rest_route=\/wp\/v2\/pages\/391"}],"collection":[{"href":"https:\/\/dagmar.welscher.info\/index.php?rest_route=\/wp\/v2\/pages"}],"about":[{"href":"https:\/\/dagmar.welscher.info\/index.php?rest_route=\/wp\/v2\/types\/page"}],"author":[{"embeddable":true,"href":"https:\/\/dagmar.welscher.info\/index.php?rest_route=\/wp\/v2\/users\/1"}],"replies":[{"embeddable":true,"href":"https:\/\/dagmar.welscher.info\/index.php?rest_route=%2Fwp%2Fv2%2Fcomments&post=391"}],"version-history":[{"count":19,"href":"https:\/\/dagmar.welscher.info\/index.php?rest_route=\/wp\/v2\/pages\/391\/revisions"}],"predecessor-version":[{"id":1201,"href":"https:\/\/dagmar.welscher.info\/index.php?rest_route=\/wp\/v2\/pages\/391\/revisions\/1201"}],"wp:attachment":[{"href":"https:\/\/dagmar.welscher.info\/index.php?rest_route=%2Fwp%2Fv2%2Fmedia&parent=391"}],"curies":[{"name":"wp","href":"https:\/\/api.w.org\/{rel}","templated":true}]}}