{"id":362,"date":"2020-02-13T16:19:46","date_gmt":"2020-02-13T16:19:46","guid":{"rendered":"http:\/\/dagmar.welscher.info\/?page_id=362"},"modified":"2025-06-05T08:24:52","modified_gmt":"2025-06-05T08:24:52","slug":"malerei","status":"publish","type":"page","link":"https:\/\/dagmar.welscher.info\/?page_id=362","title":{"rendered":"ILLUSTRATION"},"content":{"rendered":"<div  data-label=\"Gallery\" data-id=\"gallery--1\" data-export-id=\"gallery-1\" data-category=\"gallery\" class=\"gallery-1 content-section content-section-spacing\" id=\"gallery-1\" style=\"background-color: rgb(245, 250, 253);\"><div  class=\"gridContainer\"> <div  class=\"row\"><div  class=\"section-title-col\" data-type=\"column\"> <h2  class=\"\">Aquarell, Acryl, Tempera Guache\u2026<\/h2> <p  class=\"lead\" style=\"text-align: left;\">Ab und an \u00fcberkommt mich der Impuls, mit Pinsel und Farbe loszulegen. Es entstehen ganz unterschiedliche Bilder, die ich teilweise auch in meiner Arbeit verwende.<\/p><\/div> <\/div> <div  class=\"row text-center\"> <div  class=\"col-xs-12\" data-editable=\"true\" data-content-shortcode=\"mesmerize_gallery id=&quot;mesmerize-gallery-1&quot; columns=&quot;3&quot; ids=&quot;1246,721,798,800,792,791&quot; lb=&quot;1&quot; masonry=&quot;1&quot; size=&quot;medium&quot; link=&quot;file&quot; \"><div id='mesmerize-gallery-1' class='gallery-wrapper'><style type=\"text\/css\">\n                    @media only screen and (min-width: 768px) {\n                    [data-unique-id='mesmerize-gallery-1-69dbbcab44d59'] dl {\n                        float: left;\n                        width: 33.333333333333% !important;\n                        max-width:  33.333333333333% !important;\n                        min-width:  33.333333333333% !important;\n                    }\n\n                    [data-unique-id='mesmerize-gallery-1-69dbbcab44d59'] dl:nth-of-type(3n +1 ) {\n                      clear: both;\n                      }\n                    }\n                <\/style><div id='mesmerize-gallery-1' class='mesmerize-gallery-1-dls-wrapper gallery-items-wrapper materialis-gallery' data-unique-id='mesmerize-gallery-1-69dbbcab44d59'><dl class='gallery-item'>\n\t\t\t<dt class='gallery-icon landscape'>\n\t\t\t\t<a data-fancybox=\"mesmerize-gallery-1-group\" href='https:\/\/dagmar.welscher.info\/wp-content\/uploads\/2025\/06\/Illu-Maeuse.jpg'><img  width=\"300\" height=\"300\" src=\"https:\/\/dagmar.welscher.info\/wp-content\/uploads\/2025\/06\/Illu-Maeuse-300x300.jpg\"  class='mesmerize-gallery-1-image' alt=\"\" decoding=\"async\" loading=\"lazy\" aria-describedby=\"gallery-1-1246\" srcset=\"https:\/\/dagmar.welscher.info\/wp-content\/uploads\/2025\/06\/Illu-Maeuse-300x300.jpg 300w, https:\/\/dagmar.welscher.info\/wp-content\/uploads\/2025\/06\/Illu-Maeuse-1024x1024.jpg 1024w, https:\/\/dagmar.welscher.info\/wp-content\/uploads\/2025\/06\/Illu-Maeuse-150x150.jpg 150w, https:\/\/dagmar.welscher.info\/wp-content\/uploads\/2025\/06\/Illu-Maeuse-768x768.jpg 768w, https:\/\/dagmar.welscher.info\/wp-content\/uploads\/2025\/06\/Illu-Maeuse-1536x1536.jpg 1536w, https:\/\/dagmar.welscher.info\/wp-content\/uploads\/2025\/06\/Illu-Maeuse-1080x1080.jpg 1080w, https:\/\/dagmar.welscher.info\/wp-content\/uploads\/2025\/06\/Illu-Maeuse.jpg 1772w\" sizes=\"(max-width: 300px) 100vw, 300px\" \/><\/a>\n\t\t\t<\/dt>\n\t\t\t\t<dd class='wp-caption-text gallery-caption' id='gallery-1-1246'>\n\t\t\t\tAquarell | f\u00fcr M\u00e4usb\u00fcchlein &#8222;Lilly &#038; Hermine&#8220;\n\t\t\t\t<\/dd><\/dl><dl class='gallery-item'>\n\t\t\t<dt class='gallery-icon landscape'>\n\t\t\t\t<a data-fancybox=\"mesmerize-gallery-1-group\" href='https:\/\/dagmar.welscher.info\/wp-content\/uploads\/2020\/02\/cropped-Illu_Katze_20.jpg'><img  width=\"300\" height=\"298\" src=\"https:\/\/dagmar.welscher.info\/wp-content\/uploads\/2020\/02\/cropped-Illu_Katze_20-300x298.jpg\"  class='mesmerize-gallery-1-image' alt=\"\" decoding=\"async\" loading=\"lazy\" aria-describedby=\"gallery-1-721\" srcset=\"https:\/\/dagmar.welscher.info\/wp-content\/uploads\/2020\/02\/cropped-Illu_Katze_20-300x298.jpg 300w, https:\/\/dagmar.welscher.info\/wp-content\/uploads\/2020\/02\/cropped-Illu_Katze_20-1024x1017.jpg 1024w, https:\/\/dagmar.welscher.info\/wp-content\/uploads\/2020\/02\/cropped-Illu_Katze_20-150x150.jpg 150w, https:\/\/dagmar.welscher.info\/wp-content\/uploads\/2020\/02\/cropped-Illu_Katze_20-768x763.jpg 768w, https:\/\/dagmar.welscher.info\/wp-content\/uploads\/2020\/02\/cropped-Illu_Katze_20-1087x1080.jpg 1087w, https:\/\/dagmar.welscher.info\/wp-content\/uploads\/2020\/02\/cropped-Illu_Katze_20.jpg 1181w\" sizes=\"(max-width: 300px) 100vw, 300px\" \/><\/a>\n\t\t\t<\/dt>\n\t\t\t\t<dd class='wp-caption-text gallery-caption' id='gallery-1-721'>\n\t\t\t\tAquarell\n\t\t\t\t<\/dd><\/dl><dl class='gallery-item'>\n\t\t\t<dt class='gallery-icon landscape'>\n\t\t\t\t<a data-fancybox=\"mesmerize-gallery-1-group\" href='https:\/\/dagmar.welscher.info\/wp-content\/uploads\/2021\/04\/M-PapBub.jpg'><img  width=\"300\" height=\"300\" src=\"https:\/\/dagmar.welscher.info\/wp-content\/uploads\/2021\/04\/M-PapBub-300x300.jpg\"  class='mesmerize-gallery-1-image' alt=\"\" decoding=\"async\" loading=\"lazy\" aria-describedby=\"gallery-1-798\" srcset=\"https:\/\/dagmar.welscher.info\/wp-content\/uploads\/2021\/04\/M-PapBub-300x300.jpg 300w, https:\/\/dagmar.welscher.info\/wp-content\/uploads\/2021\/04\/M-PapBub-1024x1024.jpg 1024w, https:\/\/dagmar.welscher.info\/wp-content\/uploads\/2021\/04\/M-PapBub-150x150.jpg 150w, https:\/\/dagmar.welscher.info\/wp-content\/uploads\/2021\/04\/M-PapBub-768x768.jpg 768w, https:\/\/dagmar.welscher.info\/wp-content\/uploads\/2021\/04\/M-PapBub-1536x1536.jpg 1536w, https:\/\/dagmar.welscher.info\/wp-content\/uploads\/2021\/04\/M-PapBub-1080x1080.jpg 1080w, https:\/\/dagmar.welscher.info\/wp-content\/uploads\/2021\/04\/M-PapBub.jpg 1900w\" sizes=\"(max-width: 300px) 100vw, 300px\" \/><\/a>\n\t\t\t<\/dt>\n\t\t\t\t<dd class='wp-caption-text gallery-caption' id='gallery-1-798'>\n\t\t\t\tAquarell\n\t\t\t\t<\/dd><\/dl><dl class='gallery-item'>\n\t\t\t<dt class='gallery-icon landscape'>\n\t\t\t\t<a data-fancybox=\"mesmerize-gallery-1-group\" href='https:\/\/dagmar.welscher.info\/wp-content\/uploads\/2021\/04\/Birken.jpg'><img  width=\"300\" height=\"300\" src=\"https:\/\/dagmar.welscher.info\/wp-content\/uploads\/2021\/04\/Birken-300x300.jpg\"  class='mesmerize-gallery-1-image' alt=\"\" decoding=\"async\" loading=\"lazy\" aria-describedby=\"gallery-1-800\" srcset=\"https:\/\/dagmar.welscher.info\/wp-content\/uploads\/2021\/04\/Birken-300x300.jpg 300w, https:\/\/dagmar.welscher.info\/wp-content\/uploads\/2021\/04\/Birken-1024x1024.jpg 1024w, https:\/\/dagmar.welscher.info\/wp-content\/uploads\/2021\/04\/Birken-150x150.jpg 150w, https:\/\/dagmar.welscher.info\/wp-content\/uploads\/2021\/04\/Birken-768x768.jpg 768w, https:\/\/dagmar.welscher.info\/wp-content\/uploads\/2021\/04\/Birken-1536x1536.jpg 1536w, https:\/\/dagmar.welscher.info\/wp-content\/uploads\/2021\/04\/Birken-1080x1080.jpg 1080w, https:\/\/dagmar.welscher.info\/wp-content\/uploads\/2021\/04\/Birken.jpg 1900w\" sizes=\"(max-width: 300px) 100vw, 300px\" \/><\/a>\n\t\t\t<\/dt>\n\t\t\t\t<dd class='wp-caption-text gallery-caption' id='gallery-1-800'>\n\t\t\t\tAquarell\n\t\t\t\t<\/dd><\/dl><dl class='gallery-item'>\n\t\t\t<dt class='gallery-icon landscape'>\n\t\t\t\t<a data-fancybox=\"mesmerize-gallery-1-group\" href='https:\/\/dagmar.welscher.info\/wp-content\/uploads\/2021\/04\/M-Banane.jpg'><img  width=\"300\" height=\"300\" src=\"https:\/\/dagmar.welscher.info\/wp-content\/uploads\/2021\/04\/M-Banane-300x300.jpg\"  class='mesmerize-gallery-1-image' alt=\"\" decoding=\"async\" loading=\"lazy\" aria-describedby=\"gallery-1-792\" srcset=\"https:\/\/dagmar.welscher.info\/wp-content\/uploads\/2021\/04\/M-Banane-300x300.jpg 300w, https:\/\/dagmar.welscher.info\/wp-content\/uploads\/2021\/04\/M-Banane-1024x1024.jpg 1024w, https:\/\/dagmar.welscher.info\/wp-content\/uploads\/2021\/04\/M-Banane-150x150.jpg 150w, https:\/\/dagmar.welscher.info\/wp-content\/uploads\/2021\/04\/M-Banane-768x768.jpg 768w, https:\/\/dagmar.welscher.info\/wp-content\/uploads\/2021\/04\/M-Banane-1536x1536.jpg 1536w, https:\/\/dagmar.welscher.info\/wp-content\/uploads\/2021\/04\/M-Banane-1080x1080.jpg 1080w, https:\/\/dagmar.welscher.info\/wp-content\/uploads\/2021\/04\/M-Banane.jpg 1900w\" sizes=\"(max-width: 300px) 100vw, 300px\" \/><\/a>\n\t\t\t<\/dt>\n\t\t\t\t<dd class='wp-caption-text gallery-caption' id='gallery-1-792'>\n\t\t\t\tAquarell\n\t\t\t\t<\/dd><\/dl><dl class='gallery-item'>\n\t\t\t<dt class='gallery-icon landscape'>\n\t\t\t\t<a data-fancybox=\"mesmerize-gallery-1-group\" href='https:\/\/dagmar.welscher.info\/wp-content\/uploads\/2021\/04\/M-abstrakt.jpg'><img  width=\"300\" height=\"300\" src=\"https:\/\/dagmar.welscher.info\/wp-content\/uploads\/2021\/04\/M-abstrakt-300x300.jpg\"  class='mesmerize-gallery-1-image' alt=\"\" decoding=\"async\" loading=\"lazy\" aria-describedby=\"gallery-1-791\" srcset=\"https:\/\/dagmar.welscher.info\/wp-content\/uploads\/2021\/04\/M-abstrakt-300x300.jpg 300w, https:\/\/dagmar.welscher.info\/wp-content\/uploads\/2021\/04\/M-abstrakt-1024x1024.jpg 1024w, https:\/\/dagmar.welscher.info\/wp-content\/uploads\/2021\/04\/M-abstrakt-150x150.jpg 150w, https:\/\/dagmar.welscher.info\/wp-content\/uploads\/2021\/04\/M-abstrakt-768x768.jpg 768w, https:\/\/dagmar.welscher.info\/wp-content\/uploads\/2021\/04\/M-abstrakt-1536x1536.jpg 1536w, https:\/\/dagmar.welscher.info\/wp-content\/uploads\/2021\/04\/M-abstrakt-1080x1080.jpg 1080w, https:\/\/dagmar.welscher.info\/wp-content\/uploads\/2021\/04\/M-abstrakt.jpg 1900w\" sizes=\"(max-width: 300px) 100vw, 300px\" \/><\/a>\n\t\t\t<\/dt>\n\t\t\t\t<dd class='wp-caption-text gallery-caption' id='gallery-1-791'>\n\t\t\t\tAcryl\n\t\t\t\t<\/dd><\/dl>\n\t\t<\/div>\n<script>(function($){window.MaterialisCaptionsGallery && window.MaterialisCaptionsGallery($('[data-unique-id=\"mesmerize-gallery-1-69dbbcab44d59\"]'))})(jQuery)<\/script><\/div><\/div><\/div> <\/div><\/div>","protected":false},"excerpt":{"rendered":"<p>Aquarell, Acryl, Tempera Guache\u2026 Ab und an \u00fcberkommt mich der Impuls, mit Pinsel und Farbe loszulegen. Es entstehen ganz unterschiedliche Bilder, die ich teilweise auch in meiner Arbeit verwende.<\/p>\n","protected":false},"author":1,"featured_media":0,"parent":0,"menu_order":0,"comment_status":"closed","ping_status":"closed","template":"pro\/page-templates\/full-width-page.php","meta":[],"_links":{"self":[{"href":"https:\/\/dagmar.welscher.info\/index.php?rest_route=\/wp\/v2\/pages\/362"}],"collection":[{"href":"https:\/\/dagmar.welscher.info\/index.php?rest_route=\/wp\/v2\/pages"}],"about":[{"href":"https:\/\/dagmar.welscher.info\/index.php?rest_route=\/wp\/v2\/types\/page"}],"author":[{"embeddable":true,"href":"https:\/\/dagmar.welscher.info\/index.php?rest_route=\/wp\/v2\/users\/1"}],"replies":[{"embeddable":true,"href":"https:\/\/dagmar.welscher.info\/index.php?rest_route=%2Fwp%2Fv2%2Fcomments&post=362"}],"version-history":[{"count":16,"href":"https:\/\/dagmar.welscher.info\/index.php?rest_route=\/wp\/v2\/pages\/362\/revisions"}],"predecessor-version":[{"id":1250,"href":"https:\/\/dagmar.welscher.info\/index.php?rest_route=\/wp\/v2\/pages\/362\/revisions\/1250"}],"wp:attachment":[{"href":"https:\/\/dagmar.welscher.info\/index.php?rest_route=%2Fwp%2Fv2%2Fmedia&parent=362"}],"curies":[{"name":"wp","href":"https:\/\/api.w.org\/{rel}","templated":true}]}}