{"id":323,"date":"2020-02-13T11:35:10","date_gmt":"2020-02-13T11:35:10","guid":{"rendered":"http:\/\/dagmar.welscher.info\/?page_id=323"},"modified":"2025-06-11T10:06:51","modified_gmt":"2025-06-11T10:06:51","slug":"mesmerize-pro","status":"publish","type":"page","link":"https:\/\/dagmar.welscher.info\/","title":{"rendered":"Front Page"},"content":{"rendered":"<div  data-label=\"Content\" data-id=\"content--3\" data-export-id=\"content-13\" data-category=\"content\" class=\"content-13 content-section content-section-spacing\" id=\"content-3\" style=\"background-color: rgb(240, 240, 240); background-image: none;\"><div  class=\"gridContainer\"> <div  class=\"row text-center\"><div  class=\"section-title-col\" data-type=\"column\"> <h2  class=\"\">WILLKOMMEN!<\/h2> <p  class=\"lead\"><span  style=\"color: rgb(255, 152, 0); font-weight: 600;\">Design. Sichtbare Gedanken &amp; Ideen.<\/span><br >\nLiebe und Leidenschaft f\u00fcr Gestaltung in Verbindung mit Neugierde und Erfahrung \nsind die Grundlage zur Entwicklung eines aussagekr\u00e4ftigen Designs. So entsteht durch individuelle und pers\u00f6nliche \u201eSprache\u201c in Form und Farbe das, was als Information vordergr\u00fcndig und gleichzeitig subtil weitergegeben werden soll. Ausdrucks- und Gestaltungsformen der visuellen Kommunikation transportieren Ideen und Konzepte verantwortungsvoll und wohl bedacht, setzen komplexe Inhalte stilvoll in unterschiedlichste Produkte um.<br >\nIch freue mich immer wieder neu, Gedanken und Ideen zu analysieren und einpr\u00e4gsam darzustellen!<\/p><\/div> <\/div> <div  class=\"row center-xs middle-xs\"> <div  class=\"col-xs col-sm-8 space-bottom image-group-bottom-3\"> <img  decoding=\"async\" class=\"left-img shadow-large-black\" src=\"https:\/\/dagmar.welscher.info\/wp-content\/uploads\/2020\/02\/cropped-I-Baum-1.jpg\" alt=\"\" title=\"cropped-I-Baum-1.jpg\"> <img  decoding=\"async\" class=\"center-img shadow-large-black\" src=\"https:\/\/dagmar.welscher.info\/wp-content\/uploads\/2020\/08\/BEOS-2020.jpg\" alt=\"\" title=\"BEOS-2020\"> <img  decoding=\"async\" class=\"right-img shadow-large-black\" src=\"https:\/\/dagmar.welscher.info\/wp-content\/uploads\/2020\/02\/cropped-Illu_Katze_20.jpg\" alt=\"\" title=\"cropped-Illu_Katze_20.jpg\"><\/div> <\/div><\/div> <\/div><div  data-label=\"Overlappable\" data-id=\"overlappable--1\" data-export-id=\"overlappable-4\" data-category=\"overlappable\" class=\"overlappable-4 content-section content-section-spacing content-relative\" data-overlap=\"true\" id=\"overlappable-5\" style=\"background-color: rgb(252, 173, 2); background-image: none;\"><div  class=\"section-separator-top\">\n    <svg  xmlns=\"http:\/\/www.w3.org\/2000\/svg\" viewBox=\"0 0 1000 100\" preserveAspectRatio=\"none\" data-separator-name=\"tilt\" class=\"section-separator-top\">\n\t<path  class=\"svg-white-bg\" d=\"M-0 0L1000 0 1000 100z\"><\/path>\n<\/svg>\n<\/div><div  class=\"gridContainer\"> <div  data-type=\"row\" class=\"row spaced-cols text-center\"><div  class=\"col-xs-12 col-sm-4 col-padding\"> <i  class=\"fa icon shadow-large-black aligncenter fa-child reverse round large color1\"><\/i> <div  data-type=\"column\" class=\"\"> <h5  class=\"\">KOMMUNIKATIONSDESIGN<\/h5> <p  class=\"\">Transportiert Information.<br >\nDas Zusammenspiel von Farbe, Form, Bild<br >\nund Text ergibt ein individuelles, informatives und einpr\u00e4gsames Ganzes.<\/p><\/div> <\/div> <div  class=\"col-xs-12 col-sm-4 col-padding\"> <i  class=\"fa icon shadow-large-black aligncenter fa-paint-brush reverse round large color1\"><\/i> <div  data-type=\"column\" class=\"\"><h5  class=\"\">FORM &amp; FARBE<\/h5> <p  class=\"\">Illustration: Individualit\u00e4t pur.<br >\nMalerei: Spielen mit Pinsel, Struktur, Farbe.<br >\nZeichnung: Momente einfangen, Besonderes herausarbeiten und individuell darstellen.<\/p><\/div> <\/div> <div  class=\"col-xs-12 col-sm-4 col-padding\"> <i  class=\"fa icon shadow-large-black aligncenter fa-asterisk reverse round large color1\"><\/i> <div  data-type=\"column\" class=\"\"><h5  class=\"\">IN RESONANZ | Kosmolitonbilder<\/h5> <p  class=\"\">RESONANZbilder sind Worte oder Zahlen ausgedr\u00fcckt in Form und Farbe. Selbst gemalt oder als Reproduktion \u2013 sie k\u00f6nnen K\u00f6rper, Geist und Seele wunderbar unterst\u00fctzen.<\/p><\/div> <\/div><\/div> <\/div><\/div><div  data-label=\"Content\" data-id=\"content--2\" data-export-id=\"content-12\" data-category=\"content\" class=\"content-12 content-section content-section-spacing\" id=\"content-2\" style=\"background-color: rgba(163, 163, 163, 0.17); background-image: none;\"><div  class=\"gridContainer\"> <div  class=\"row text-center\"><div  class=\"section-title-col\" data-type=\"column\">  <p  class=\"lead\"><span  style=\"font-weight: 600; color: rgb(255, 152, 0);\">Inspiration, Ideen, Angebote, Dienstleistungen, Produkte\u2026&nbsp; <\/span>\n\n<br >Printmedien kommunizieren Inhalte nachhaltig und einpr\u00e4gsam \u2013 individuell im Design und ganz im Stil Ihres Unternehmens. Sie transportieren Informationen in Bild, Text, Form und Farbe und sind wunderbar geeignet, um Image,&nbsp; Anspruch und Vielfalt von Produkten, Dienstleistungen oder Angeboten darzustellen.<\/p><\/div> <\/div> <div  class=\"row center-xs middle-xs\"> <div  class=\"col-sm-9\" data-type=\"column\"> <img  decoding=\"async\" class=\"custom-image\" src=\"https:\/\/dagmar.welscher.info\/wp-content\/uploads\/2020\/08\/cropped-Flyer-2020-1.jpg\" alt=\"\" title=\"cropped-Flyer-2020-1.jpg\"><\/div> <\/div><\/div> <\/div><div  data-label=\"About\" data-id=\"about--2\" data-export-id=\"about-9\" data-category=\"about\" class=\"about-9 content-section content-section-spacing\" id=\"about-2\" style=\"background-color: rgb(255, 255, 255); background-image: none;\"><div  class=\"gridContainer\"> <div  class=\"row middle-sm text-center\"><div  class=\"col-sm-5 space-bottom-xs content-column content-right-sm\" data-type=\"column\">  <h2  class=\"\"><span  style=\"font-weight: 300;\">MEINE BILDER<\/span> <\/h2> <p  class=\"\">Mit viel Freude, Hingabe und Entdeckerlust an das, was da auf die Leinwand kommen will, male ich Bilder in verschiedensten Formaten, meist auf Leinwand. Ich probiere unterschiedlichste Techniken aus, lasse mich darauf ein, was entstehen will. \n<br ><br >Das sind die Anf\u00e4nge meiner Malerei \u2013 ist doch mein ganzes Berufsleben auf Genauigkeit in Idee und Darstellung ausgerichtet \u2013&nbsp; und ich genie\u00dfe es sehr, mit Farben, Strukturen und Formen <span  style=\"font-weight: 600;\">\u201eetwas Neues\u201c, Verspieltes, Lebendiges<\/span> zu erschaffen. &nbsp; <br >\n<br ><span  style=\"color: rgb(255, 128, 0);\"><a data-mce-href=\"?page_id=1147\" href=\"https:\/\/dagmar.welscher.info?page_id=1147\" target=\"_self\" data-mce-selected=\"inline-boundary\" data-cp-link=\"1\" rel=\"noopener\"><span  style=\"color: rgb(52, 58, 64);\">\ufeffHier geht\u00b4s zu meinen Bildern<\/span> &gt;&gt;&gt;<\/a><\/span>\n<br ><br >Alle Preise der Bilder auf Anfrage: 09261 966 6886<\/p> <\/div> <div  class=\"col-sm-7 flexbox flexbox middle-xs center-xs space-bottom-xs\"><div  class=\"overlay-box flexbox middle-xs center-xs overlay-holder \"> <div  class=\"overlay-box-offset offset-background shadow-medium bg-color2 hide-xs\"><\/div> <img  decoding=\"async\" class=\"flexbox shadow-large img1\" src=\"https:\/\/dagmar.welscher.info\/wp-content\/uploads\/2024\/06\/cropped-Erdenherz.jpg\" data-size=\"600x400\" title=\"cropped-Erdenherz.jpg\" alt=\"\"><\/div> <\/div><\/div> <\/div><\/div><div  data-label=\"About\" data-id=\"about--1\" data-export-id=\"about-image-text\" data-category=\"about\" class=\"about-image-text content-section content-section-spacing\" id=\"about-1\" style=\"background-color: rgb(0, 0, 0); background-image: url(&quot;https:\/\/dagmar.welscher.info\/wp-content\/uploads\/2020\/02\/Kontakt-1.jpg&quot;); background-size: cover; background-position: center top;\"><div  class=\"gridContainer\"> <div  class=\"row\"><div  class=\"col-sm-6 flexbox-strech center-xs middle-xs no-gutter-col\"> <div  class=\"shadow-large overlap-right-large flexbox middle-xs center-xs left-img\" data-bg=\"image\" style=\"background-image: url(&quot;https:\/\/dagmar.welscher.info\/wp-content\/uploads\/2020\/02\/cropped-I-BildBlau-1.jpg&quot;);\"><\/div><\/div> <div  class=\"col-sm-6 space-bottom-xs col-padding-small-xs col-sm-padding-large bg-color5 white-text content-col\" data-type=\"column\"><h5  class=\"\"><span  style=\"color: rgb(0, 0, 0);\">Kontakt:<\/span><\/h5><h2  class=\"\"><span  style=\"font-weight: 900; color: rgb(0, 0, 0);\"><span  style=\"color: rgb(255, 152, 0);\">DAGMAR<\/span> WELSCHER<\/span><\/h2>  <p  class=\"\"><span  style=\"color: rgb(0, 0, 0);\">Tel.: 09261 966 6886 | dagmar(at)welscher.info<\/span><\/p><\/div> <\/div><\/div> <\/div>","protected":false},"excerpt":{"rendered":"<p>WILLKOMMEN! Design. Sichtbare Gedanken &amp; Ideen. Liebe und Leidenschaft f\u00fcr Gestaltung in Verbindung mit Neugierde und Erfahrung sind die Grundlage zur Entwicklung eines aussagekr\u00e4ftigen Designs. So entsteht durch individuelle und pers\u00f6nliche \u201eSprache\u201c in Form und Farbe das, was als Information vordergr\u00fcndig und gleichzeitig subtil weitergegeben werden soll. Ausdrucks- und Gestaltungsformen der visuellen Kommunikation transportieren Ideen&hellip; <br \/> <a class=\"read-more\" href=\"https:\/\/dagmar.welscher.info\/\">Read more<\/a><\/p>\n","protected":false},"author":1,"featured_media":0,"parent":0,"menu_order":0,"comment_status":"closed","ping_status":"closed","template":"","meta":[],"_links":{"self":[{"href":"https:\/\/dagmar.welscher.info\/index.php?rest_route=\/wp\/v2\/pages\/323"}],"collection":[{"href":"https:\/\/dagmar.welscher.info\/index.php?rest_route=\/wp\/v2\/pages"}],"about":[{"href":"https:\/\/dagmar.welscher.info\/index.php?rest_route=\/wp\/v2\/types\/page"}],"author":[{"embeddable":true,"href":"https:\/\/dagmar.welscher.info\/index.php?rest_route=\/wp\/v2\/users\/1"}],"replies":[{"embeddable":true,"href":"https:\/\/dagmar.welscher.info\/index.php?rest_route=%2Fwp%2Fv2%2Fcomments&post=323"}],"version-history":[{"count":86,"href":"https:\/\/dagmar.welscher.info\/index.php?rest_route=\/wp\/v2\/pages\/323\/revisions"}],"predecessor-version":[{"id":1252,"href":"https:\/\/dagmar.welscher.info\/index.php?rest_route=\/wp\/v2\/pages\/323\/revisions\/1252"}],"wp:attachment":[{"href":"https:\/\/dagmar.welscher.info\/index.php?rest_route=%2Fwp%2Fv2%2Fmedia&parent=323"}],"curies":[{"name":"wp","href":"https:\/\/api.w.org\/{rel}","templated":true}]}}