{"id":1254,"date":"2025-10-29T11:09:11","date_gmt":"2025-10-29T11:09:11","guid":{"rendered":"https:\/\/dagmar.welscher.info\/?page_id=1254"},"modified":"2025-10-30T15:35:59","modified_gmt":"2025-10-30T15:35:59","slug":"jetzt-neu-kalender-2026","status":"publish","type":"page","link":"https:\/\/dagmar.welscher.info\/?page_id=1254","title":{"rendered":"JETZT NEU: Kalender 2026"},"content":{"rendered":"\n<figure class=\"wp-block-image size-large\"><a href=\"https:\/\/dagmar.welscher.info\/wp-content\/uploads\/2025\/10\/Kalenderansicht-2026-fuer-web.jpg\"><img decoding=\"async\" loading=\"lazy\" width=\"1024\" height=\"794\" src=\"https:\/\/dagmar.welscher.info\/wp-content\/uploads\/2025\/10\/Kalenderansicht-2026-fuer-web-1024x794.jpg\" alt=\"\" class=\"wp-image-1255\" srcset=\"https:\/\/dagmar.welscher.info\/wp-content\/uploads\/2025\/10\/Kalenderansicht-2026-fuer-web-1024x794.jpg 1024w, https:\/\/dagmar.welscher.info\/wp-content\/uploads\/2025\/10\/Kalenderansicht-2026-fuer-web-300x233.jpg 300w, https:\/\/dagmar.welscher.info\/wp-content\/uploads\/2025\/10\/Kalenderansicht-2026-fuer-web-768x595.jpg 768w, https:\/\/dagmar.welscher.info\/wp-content\/uploads\/2025\/10\/Kalenderansicht-2026-fuer-web-1393x1080.jpg 1393w, https:\/\/dagmar.welscher.info\/wp-content\/uploads\/2025\/10\/Kalenderansicht-2026-fuer-web.jpg 1459w\" sizes=\"(max-width: 1024px) 100vw, 1024px\" \/><\/a><\/figure>\n\n\n\n<p>JETZT neu und ab sofort bestellbar:<\/p>\n\n\n\n<h2 class=\"wp-block-heading\"><mark style=\"background-color:rgba(0, 0, 0, 0);color:#eb3f8b\" class=\"has-inline-color\">Der InResonanz-Kalender 2026<\/mark><\/h2>\n\n\n\n<p><br>Jeder Monat hat eine eigene Energie, ein individuelles InResonanz-Bild, auch Kosmolitonbild (Kosmos, Licht Ton) genannt. Es wird Dich begleiten, unterst\u00fctzen &#8211; oder einfach erfreuen. <br>Den speziellen, f\u00fcr unsere doch etwas herausfordernde Zeit gew\u00e4hlten Begriffen ist jeweils ein kleiner unterst\u00fctzender Text als Denkansto\u00df zur Seite gestellt. <\/p>\n\n\n\n<p><strong>Bestellungen<\/strong> <br>ab sofort m\u00f6glich unter: dagmar(at)welscher.info (oder einfach anrufen, Tel-Nr unter &#8222;Kontakt&#8220;)<br>Preis pro Kalender: 20,00 Euro<br><br>F\u00fcr Wiederverk\u00e4ufer biete ich Sonderkonditionen ab einer Mindestbestellmenge an. Bitte kontaktieren Sie mich, ebenfalls unter obiger mail-Adresse oder Tel-Nr.<\/p>\n","protected":false},"excerpt":{"rendered":"<p>JETZT neu und ab sofort bestellbar: Der InResonanz-Kalender 2026 Jeder Monat hat eine eigene Energie, ein individuelles InResonanz-Bild, auch Kosmolitonbild (Kosmos, Licht Ton) genannt. Es wird Dich begleiten, unterst\u00fctzen &#8211; oder einfach erfreuen. Den speziellen, f\u00fcr unsere doch etwas herausfordernde Zeit gew\u00e4hlten Begriffen ist jeweils ein kleiner unterst\u00fctzender Text als Denkansto\u00df zur Seite gestellt. Bestellungen&hellip; <br \/> <a class=\"read-more\" href=\"https:\/\/dagmar.welscher.info\/?page_id=1254\">Read more<\/a><\/p>\n","protected":false},"author":1,"featured_media":0,"parent":0,"menu_order":0,"comment_status":"closed","ping_status":"closed","template":"","meta":[],"_links":{"self":[{"href":"https:\/\/dagmar.welscher.info\/index.php?rest_route=\/wp\/v2\/pages\/1254"}],"collection":[{"href":"https:\/\/dagmar.welscher.info\/index.php?rest_route=\/wp\/v2\/pages"}],"about":[{"href":"https:\/\/dagmar.welscher.info\/index.php?rest_route=\/wp\/v2\/types\/page"}],"author":[{"embeddable":true,"href":"https:\/\/dagmar.welscher.info\/index.php?rest_route=\/wp\/v2\/users\/1"}],"replies":[{"embeddable":true,"href":"https:\/\/dagmar.welscher.info\/index.php?rest_route=%2Fwp%2Fv2%2Fcomments&post=1254"}],"version-history":[{"count":8,"href":"https:\/\/dagmar.welscher.info\/index.php?rest_route=\/wp\/v2\/pages\/1254\/revisions"}],"predecessor-version":[{"id":1287,"href":"https:\/\/dagmar.welscher.info\/index.php?rest_route=\/wp\/v2\/pages\/1254\/revisions\/1287"}],"wp:attachment":[{"href":"https:\/\/dagmar.welscher.info\/index.php?rest_route=%2Fwp%2Fv2%2Fmedia&parent=1254"}],"curies":[{"name":"wp","href":"https:\/\/api.w.org\/{rel}","templated":true}]}}